{"id":119,"date":"2022-04-10T04:36:44","date_gmt":"2022-04-10T04:36:44","guid":{"rendered":"https:\/\/sanskritsteps.com\/?page_id=119"},"modified":"2022-04-25T04:06:22","modified_gmt":"2022-04-25T04:06:22","slug":"first-set-of-%e0%a4%b8%e0%a5%8d%e0%a4%a4%e0%a4%b0%e0%a5%80%e0%a4%b2%e0%a4%bf%e0%a4%99%e0%a5%8d%e0%a4%97","status":"publish","type":"page","link":"https:\/\/sanskritsteps.com\/?page_id=119","title":{"rendered":"\u0938\u094d\u0924\u094d\u0930\u0940\u0932\u093f\u0919\u094d\u0917 vowel endings"},"content":{"rendered":"\n<p>\u0906 \u0908 \u0907 \u0909 \u090b endings for S\u012bt\u0101, Nad\u012b, Mati, Dhenu, and Mat\u1e5b \u015aabdas<\/p>\n\n\n\n<figure class=\"wp-block-image size-full\"><img loading=\"lazy\" decoding=\"async\" width=\"930\" height=\"1062\" src=\"https:\/\/sanskritsteps.com\/wp-content\/uploads\/2022\/04\/s.svg\" alt=\"\" class=\"wp-image-310\"\/><figcaption>\u0938\u0940\u0924\u093e \u0936\u092c\u094d\u0926 Sita Shabda- remaining audios are works in progress<\/figcaption><\/figure>\n\n\n\n<figure class=\"wp-block-image size-full\"><img loading=\"lazy\" decoding=\"async\" width=\"938\" height=\"988\" src=\"https:\/\/sanskritsteps.com\/wp-content\/uploads\/2022\/04\/nadishabda.svg\" alt=\"\" class=\"wp-image-315\"\/><figcaption>\u0928\u0926\u0940 \u0936\u092c\u094d\u0926<\/figcaption><\/figure>\n\n\n\n<figure class=\"wp-block-image size-full\"><img loading=\"lazy\" decoding=\"async\" width=\"1012\" height=\"1194\" src=\"https:\/\/sanskritsteps.com\/wp-content\/uploads\/2022\/04\/\u092e\u0924\u093f-1.svg\" alt=\"\" class=\"wp-image-324\"\/><\/figure>\n\n\n\n<figure class=\"wp-block-image size-full\"><img loading=\"lazy\" decoding=\"async\" width=\"1020\" height=\"996\" src=\"https:\/\/sanskritsteps.com\/wp-content\/uploads\/2022\/04\/Dhenu.svg\" alt=\"\" class=\"wp-image-331\"\/><\/figure>\n\n\n\n<figure class=\"wp-block-image size-full\"><img loading=\"lazy\" decoding=\"async\" width=\"890\" height=\"970\" src=\"https:\/\/sanskritsteps.com\/wp-content\/uploads\/2022\/04\/\u092e\u0924\u0943.svg\" alt=\"\" class=\"wp-image-328\"\/><figcaption>\u092e\u0924\u0943 \u0936\u092c\u094d\u0926 mat\u1e5b \u015babda<\/figcaption><\/figure>\n","protected":false},"excerpt":{"rendered":"<p>\u0906 \u0908 \u0907 \u0909 \u090b endings for S\u012bt\u0101, Nad\u012b, Mati, Dhenu, and Mat\u1e5b \u015aabdas<\/p>\n","protected":false},"author":1,"featured_media":0,"parent":0,"menu_order":9,"comment_status":"closed","ping_status":"closed","template":"","meta":{"om_disable_all_campaigns":false,"_monsterinsights_skip_tracking":false,"_monsterinsights_sitenote_active":false,"_monsterinsights_sitenote_note":"","_monsterinsights_sitenote_category":0,"footnotes":""},"class_list":["post-119","page","type-page","status-publish","hentry"],"yoast_head":"<!-- This site is optimized with the Yoast SEO plugin v27.5 - https:\/\/yoast.com\/product\/yoast-seo-wordpress\/ -->\n<title>\u0938\u094d\u0924\u094d\u0930\u0940\u0932\u093f\u0919\u094d\u0917 vowel endings - Sanskrit Steps<\/title>\n<meta name=\"robots\" content=\"index, follow, max-snippet:-1, max-image-preview:large, max-video-preview:-1\" \/>\n<link rel=\"canonical\" href=\"https:\/\/sanskritsteps.com\/?page_id=119\" \/>\n<meta property=\"og:locale\" content=\"en_US\" \/>\n<meta property=\"og:type\" content=\"article\" \/>\n<meta property=\"og:title\" content=\"\u0938\u094d\u0924\u094d\u0930\u0940\u0932\u093f\u0919\u094d\u0917 vowel endings - Sanskrit Steps\" \/>\n<meta property=\"og:description\" content=\"\u0906 \u0908 \u0907 \u0909 \u090b endings for S\u012bt\u0101, Nad\u012b, Mati, Dhenu, and Mat\u1e5b \u015aabdas\" \/>\n<meta property=\"og:url\" content=\"https:\/\/sanskritsteps.com\/?page_id=119\" \/>\n<meta property=\"og:site_name\" content=\"Sanskrit Steps\" \/>\n<meta property=\"article:modified_time\" content=\"2022-04-25T04:06:22+00:00\" \/>\n<meta property=\"og:image\" content=\"https:\/\/sanskritsteps.com\/wp-content\/uploads\/2022\/04\/s.svg\" \/>\n<meta name=\"twitter:card\" content=\"summary_large_image\" \/>\n<meta name=\"twitter:label1\" content=\"Est. reading time\" \/>\n\t<meta name=\"twitter:data1\" content=\"2 minutes\" \/>\n<script type=\"application\/ld+json\" class=\"yoast-schema-graph\">{\"@context\":\"https:\\\/\\\/schema.org\",\"@graph\":[{\"@type\":\"WebPage\",\"@id\":\"https:\\\/\\\/sanskritsteps.com\\\/?page_id=119\",\"url\":\"https:\\\/\\\/sanskritsteps.com\\\/?page_id=119\",\"name\":\"\u0938\u094d\u0924\u094d\u0930\u0940\u0932\u093f\u0919\u094d\u0917 vowel endings - Sanskrit Steps\",\"isPartOf\":{\"@id\":\"https:\\\/\\\/sanskritsteps.com\\\/#website\"},\"primaryImageOfPage\":{\"@id\":\"https:\\\/\\\/sanskritsteps.com\\\/?page_id=119#primaryimage\"},\"image\":{\"@id\":\"https:\\\/\\\/sanskritsteps.com\\\/?page_id=119#primaryimage\"},\"thumbnailUrl\":\"https:\\\/\\\/sanskritsteps.com\\\/wp-content\\\/uploads\\\/2022\\\/04\\\/s.svg\",\"datePublished\":\"2022-04-10T04:36:44+00:00\",\"dateModified\":\"2022-04-25T04:06:22+00:00\",\"breadcrumb\":{\"@id\":\"https:\\\/\\\/sanskritsteps.com\\\/?page_id=119#breadcrumb\"},\"inLanguage\":\"en-US\",\"potentialAction\":[{\"@type\":\"ReadAction\",\"target\":[\"https:\\\/\\\/sanskritsteps.com\\\/?page_id=119\"]}]},{\"@type\":\"ImageObject\",\"inLanguage\":\"en-US\",\"@id\":\"https:\\\/\\\/sanskritsteps.com\\\/?page_id=119#primaryimage\",\"url\":\"https:\\\/\\\/sanskritsteps.com\\\/wp-content\\\/uploads\\\/2022\\\/04\\\/s.svg\",\"contentUrl\":\"https:\\\/\\\/sanskritsteps.com\\\/wp-content\\\/uploads\\\/2022\\\/04\\\/s.svg\",\"width\":930,\"height\":1062},{\"@type\":\"BreadcrumbList\",\"@id\":\"https:\\\/\\\/sanskritsteps.com\\\/?page_id=119#breadcrumb\",\"itemListElement\":[{\"@type\":\"ListItem\",\"position\":1,\"name\":\"Home\",\"item\":\"https:\\\/\\\/sanskritsteps.com\\\/\"},{\"@type\":\"ListItem\",\"position\":2,\"name\":\"\u0938\u094d\u0924\u094d\u0930\u0940\u0932\u093f\u0919\u094d\u0917 vowel endings\"}]},{\"@type\":\"WebSite\",\"@id\":\"https:\\\/\\\/sanskritsteps.com\\\/#website\",\"url\":\"https:\\\/\\\/sanskritsteps.com\\\/\",\"name\":\"Sanskrit Steps\",\"description\":\"Practice Resources Here\",\"publisher\":{\"@id\":\"https:\\\/\\\/sanskritsteps.com\\\/#organization\"},\"potentialAction\":[{\"@type\":\"SearchAction\",\"target\":{\"@type\":\"EntryPoint\",\"urlTemplate\":\"https:\\\/\\\/sanskritsteps.com\\\/?s={search_term_string}\"},\"query-input\":{\"@type\":\"PropertyValueSpecification\",\"valueRequired\":true,\"valueName\":\"search_term_string\"}}],\"inLanguage\":\"en-US\"},{\"@type\":\"Organization\",\"@id\":\"https:\\\/\\\/sanskritsteps.com\\\/#organization\",\"name\":\"Sanskrit Steps\",\"url\":\"https:\\\/\\\/sanskritsteps.com\\\/\",\"logo\":{\"@type\":\"ImageObject\",\"inLanguage\":\"en-US\",\"@id\":\"https:\\\/\\\/sanskritsteps.com\\\/#\\\/schema\\\/logo\\\/image\\\/\",\"url\":\"https:\\\/\\\/sanskritsteps.com\\\/wp-content\\\/uploads\\\/2022\\\/04\\\/cropped-cropped-Screen-Shot-2022-04-09-at-9.36.46-AM.png\",\"contentUrl\":\"https:\\\/\\\/sanskritsteps.com\\\/wp-content\\\/uploads\\\/2022\\\/04\\\/cropped-cropped-Screen-Shot-2022-04-09-at-9.36.46-AM.png\",\"width\":382,\"height\":287,\"caption\":\"Sanskrit Steps\"},\"image\":{\"@id\":\"https:\\\/\\\/sanskritsteps.com\\\/#\\\/schema\\\/logo\\\/image\\\/\"}}]}<\/script>\n<!-- \/ Yoast SEO plugin. -->","yoast_head_json":{"title":"\u0938\u094d\u0924\u094d\u0930\u0940\u0932\u093f\u0919\u094d\u0917 vowel endings - Sanskrit Steps","robots":{"index":"index","follow":"follow","max-snippet":"max-snippet:-1","max-image-preview":"max-image-preview:large","max-video-preview":"max-video-preview:-1"},"canonical":"https:\/\/sanskritsteps.com\/?page_id=119","og_locale":"en_US","og_type":"article","og_title":"\u0938\u094d\u0924\u094d\u0930\u0940\u0932\u093f\u0919\u094d\u0917 vowel endings - Sanskrit Steps","og_description":"\u0906 \u0908 \u0907 \u0909 \u090b endings for S\u012bt\u0101, Nad\u012b, Mati, Dhenu, and Mat\u1e5b \u015aabdas","og_url":"https:\/\/sanskritsteps.com\/?page_id=119","og_site_name":"Sanskrit Steps","article_modified_time":"2022-04-25T04:06:22+00:00","og_image":[{"url":"https:\/\/sanskritsteps.com\/wp-content\/uploads\/2022\/04\/s.svg","type":"","width":"","height":""}],"twitter_card":"summary_large_image","twitter_misc":{"Est. reading time":"2 minutes"},"schema":{"@context":"https:\/\/schema.org","@graph":[{"@type":"WebPage","@id":"https:\/\/sanskritsteps.com\/?page_id=119","url":"https:\/\/sanskritsteps.com\/?page_id=119","name":"\u0938\u094d\u0924\u094d\u0930\u0940\u0932\u093f\u0919\u094d\u0917 vowel endings - Sanskrit Steps","isPartOf":{"@id":"https:\/\/sanskritsteps.com\/#website"},"primaryImageOfPage":{"@id":"https:\/\/sanskritsteps.com\/?page_id=119#primaryimage"},"image":{"@id":"https:\/\/sanskritsteps.com\/?page_id=119#primaryimage"},"thumbnailUrl":"https:\/\/sanskritsteps.com\/wp-content\/uploads\/2022\/04\/s.svg","datePublished":"2022-04-10T04:36:44+00:00","dateModified":"2022-04-25T04:06:22+00:00","breadcrumb":{"@id":"https:\/\/sanskritsteps.com\/?page_id=119#breadcrumb"},"inLanguage":"en-US","potentialAction":[{"@type":"ReadAction","target":["https:\/\/sanskritsteps.com\/?page_id=119"]}]},{"@type":"ImageObject","inLanguage":"en-US","@id":"https:\/\/sanskritsteps.com\/?page_id=119#primaryimage","url":"https:\/\/sanskritsteps.com\/wp-content\/uploads\/2022\/04\/s.svg","contentUrl":"https:\/\/sanskritsteps.com\/wp-content\/uploads\/2022\/04\/s.svg","width":930,"height":1062},{"@type":"BreadcrumbList","@id":"https:\/\/sanskritsteps.com\/?page_id=119#breadcrumb","itemListElement":[{"@type":"ListItem","position":1,"name":"Home","item":"https:\/\/sanskritsteps.com\/"},{"@type":"ListItem","position":2,"name":"\u0938\u094d\u0924\u094d\u0930\u0940\u0932\u093f\u0919\u094d\u0917 vowel endings"}]},{"@type":"WebSite","@id":"https:\/\/sanskritsteps.com\/#website","url":"https:\/\/sanskritsteps.com\/","name":"Sanskrit Steps","description":"Practice Resources Here","publisher":{"@id":"https:\/\/sanskritsteps.com\/#organization"},"potentialAction":[{"@type":"SearchAction","target":{"@type":"EntryPoint","urlTemplate":"https:\/\/sanskritsteps.com\/?s={search_term_string}"},"query-input":{"@type":"PropertyValueSpecification","valueRequired":true,"valueName":"search_term_string"}}],"inLanguage":"en-US"},{"@type":"Organization","@id":"https:\/\/sanskritsteps.com\/#organization","name":"Sanskrit Steps","url":"https:\/\/sanskritsteps.com\/","logo":{"@type":"ImageObject","inLanguage":"en-US","@id":"https:\/\/sanskritsteps.com\/#\/schema\/logo\/image\/","url":"https:\/\/sanskritsteps.com\/wp-content\/uploads\/2022\/04\/cropped-cropped-Screen-Shot-2022-04-09-at-9.36.46-AM.png","contentUrl":"https:\/\/sanskritsteps.com\/wp-content\/uploads\/2022\/04\/cropped-cropped-Screen-Shot-2022-04-09-at-9.36.46-AM.png","width":382,"height":287,"caption":"Sanskrit Steps"},"image":{"@id":"https:\/\/sanskritsteps.com\/#\/schema\/logo\/image\/"}}]}},"_links":{"self":[{"href":"https:\/\/sanskritsteps.com\/index.php?rest_route=\/wp\/v2\/pages\/119","targetHints":{"allow":["GET"]}}],"collection":[{"href":"https:\/\/sanskritsteps.com\/index.php?rest_route=\/wp\/v2\/pages"}],"about":[{"href":"https:\/\/sanskritsteps.com\/index.php?rest_route=\/wp\/v2\/types\/page"}],"author":[{"embeddable":true,"href":"https:\/\/sanskritsteps.com\/index.php?rest_route=\/wp\/v2\/users\/1"}],"replies":[{"embeddable":true,"href":"https:\/\/sanskritsteps.com\/index.php?rest_route=%2Fwp%2Fv2%2Fcomments&post=119"}],"version-history":[{"count":5,"href":"https:\/\/sanskritsteps.com\/index.php?rest_route=\/wp\/v2\/pages\/119\/revisions"}],"predecessor-version":[{"id":341,"href":"https:\/\/sanskritsteps.com\/index.php?rest_route=\/wp\/v2\/pages\/119\/revisions\/341"}],"wp:attachment":[{"href":"https:\/\/sanskritsteps.com\/index.php?rest_route=%2Fwp%2Fv2%2Fmedia&parent=119"}],"curies":[{"name":"wp","href":"https:\/\/api.w.org\/{rel}","templated":true}]}}